{"id":596,"date":"2019-10-07T18:10:44","date_gmt":"2019-10-07T18:10:44","guid":{"rendered":"http:\/\/residencesfleurdelys.com\/?page_id=596"},"modified":"2021-06-14T19:27:25","modified_gmt":"2021-06-14T23:27:25","slug":"seigneuriesurlefleuve","status":"publish","type":"page","link":"https:\/\/residencesfleurdelys.com\/en\/residences\/seigneuriesurlefleuve\/","title":{"rendered":"La Seigneurie sur le Fleuve"},"content":{"rendered":"<div class=\"wpb-content-wrapper\"><p>[vc_row css=&#8221;.vc_custom_1536035702055{margin-top: 40px !important;}&#8221;][vc_column width=&#8221;1\/2&#8243;][vc_column_text]La Seigneurie sur le Fleuve senior home is located in the town of Varennes, in the Mont\u00e9r\u00e9gie area of Qu\u00e9bec.  This 2015 construction holds 184 units for independent and assisted-living people.  You will benefit from a great view of a park on the St-Lawrence River from the dining room.  All necessary services are provided to make your stay with us as enjoyable as possible.  We offer three types of units ranging from 441 to 1588 square feet.  We offer studio, 3 1\/2 and 4 1\/2.  This home holds all the certifications needed to operate and is ruled by the certification for private residences for the elderly. Come and see us, we will be pleased to meet you and let you visit your future home.[\/vc_column_text][\/vc_column][vc_column width=&#8221;1\/2&#8243; css=&#8221;.vc_custom_1536031805195{border-left-width: 2px !important;padding-left: 20px !important;border-left-color: #ab8b56 !important;border-left-style: solid !important;}&#8221;][vc_column_text]<\/p>\n<ul style=\"list-style: none;\">\n<li><strong>Address :<\/strong>1991 rue du Souvenir, Varennes, QC, J3X 0C4<\/li>\n<li><strong>Phone :<\/strong> <a href=\"tel:+14509852202\">(450) 985-2202<\/a><\/li>\n<li><strong>Email :<\/strong>\u00a0<a href=\"mailto:mmontbleau@residencesfleurdelys.com\">mmontbleau@residencesfleurdelys.com<\/a><\/li>\n<li>Managed by Maurice Montbleau | <a href=\"http:\/\/residencesfleurdelys.com\/en\/jobs-careers\/\">Job opportunities<\/a><\/li>\n<li><a class=\"button  button_size_1\" href=\"https:\/\/residencesfleurdelys.com\/en\/contact-us\/\"     style=\"color:#fff;\"     title=\"\"><span class=\"button_label\">Rental demand<\/span><\/a>\n<\/li>\n<\/ul>\n<p>[\/vc_column_text][\/vc_column][\/vc_row][vc_row][vc_column][rev_slider_vc alias=&#8221;seigneuriefleuve-varenne-main&#8221;][\/vc_column][\/vc_row][vc_row][vc_column]<div class=\"fancy_heading fancy_heading_icon\"><div class=\"fh-top\"><span class=\"icon_top\"><i class=\"icon-pinboard\" aria-hidden=\"true\"><\/i><\/span><\/div><h2 class=\"title\">Services and characteristics<\/h2><div class=\"inside\">R\u00e9sidence La Seigneurie sur le Fleuve | Varennes, Qc<\/div><\/div>\n[\/vc_column][\/vc_row][vc_row][vc_column][vc_tta_accordion style=&#8221;modern&#8221; color=&#8221;white&#8221; active_section=&#8221;1&#8243; collapsible_all=&#8221;true&#8221; css=&#8221;.vc_custom_1552245615425{border-top-width: 1px !important;border-right-width: 1px !important;border-bottom-width: 1px !important;border-left-width: 1px !important;border-left-color: #cccccc !important;border-left-style: solid !important;border-right-color: #cccccc !important;border-right-style: solid !important;border-top-color: #cccccc !important;border-top-style: solid !important;border-bottom-color: #cccccc !important;border-bottom-style: solid !important;}&#8221;][vc_tta_section title=&#8221;Services provided in home&#8221; tab_id=&#8221;sobd2d-9ea1&#8243;][vc_column_text]<\/p>\n<ul class=\"list_check\">\n<li>Basic cable service<\/li>\n<li>Caisse Desjardins service<\/li>\n<li>Concierge service<\/li>\n<li>Emergency call service<\/li>\n<li>Household maintenance<\/li>\n<li>Internet access in community room<\/li>\n<li>Laundry service<\/li>\n<li>Pastoral services<\/li>\n<li>Permanent security services 24\/7<\/li>\n<li>Shuttle service (shopping, groceries, etc.)<\/li>\n<\/ul>\n<p>[\/vc_column_text][\/vc_tta_section][vc_tta_section title=&#8221;Leisure activities&#8221; tab_id=&#8221;lobd2d-9ea1&#8243;][vc_column_text]<\/p>\n<ul class=\"list_check\">\n<li>Bingo<\/li>\n<li>Board games<\/li>\n<li>Community garden<\/li>\n<li>Community room<\/li>\n<li>Electric fireplace<\/li>\n<li>External activities and outings<\/li>\n<li>Fitness room<\/li>\n<li>Games area<\/li>\n<li>Group classes (Zumba, social dancing, etc.)<\/li>\n<li>Home theater<\/li>\n<li>Library<\/li>\n<li>Mini-putt<\/li>\n<li>Multifunctional leisure room<\/li>\n<li>Organ<\/li>\n<li>Outside bocce ball court<\/li>\n<li>Pool room<\/li>\n<li>Relaxation (instructor, $)<\/li>\n<li>Shuffleboard (Indoor and outdoor)<\/li>\n<li>Social events (anniversaries, musical afternoons, movies, bingo, etc.)<\/li>\n<li>Various activities (predetermined schedule)<\/li>\n<li>Walking club<\/li>\n<\/ul>\n<p>[\/vc_column_text][\/vc_tta_section][vc_tta_section title=&#8221;Health services&#8221; tab_id=&#8221;ssbd2d-9ea1&#8243;][vc_column_text]<\/p>\n<ul class=\"list_check\">\n<li>Bath assistance<\/li>\n<li>Bedtime assistance<\/li>\n<li>Daily hygiene<\/li>\n<li>Doctor visit<\/li>\n<li>Dressing up assistance<\/li>\n<li>Foot care ($)<\/li>\n<li>Healthcare office<\/li>\n<li>Help services for semi-assisted people<\/li>\n<li>Medication management<\/li>\n<li>Morning Assistance<\/li>\n<li>Nursing (\u00e0 la carte)<\/li>\n<li>Personal assistance<\/li>\n<li>Personalized care<\/li>\n<li>Registered Nursing Assistants<\/li>\n<li>Security bracelet<\/li>\n<li>Transportation assistance<\/li>\n<\/ul>\n<p>[\/vc_column_text][\/vc_tta_section][vc_tta_section title=&#8221;Internal shops&#8221; tab_id=&#8221;cibd2d-9ea1&#8243;][vc_column_text]<\/p>\n<ul class=\"list_check\">\n<li>Caisse Desjardins<\/li>\n<li>Convenience store (straight from inside the home)<\/li>\n<li>Dining room<\/li>\n<li>Hairdressing salon ($)<\/li>\n<li>Roaming boutiques and shops inside the home<\/li>\n<\/ul>\n<p>[\/vc_column_text][\/vc_tta_section][vc_tta_section title=&#8221;At your service staff&#8221; tab_id=&#8221;psbd2d-9ea1&#8243;][vc_column_text]<\/p>\n<ul class=\"list_check\">\n<li>Accommodation advisor<\/li>\n<li>Chef<\/li>\n<li>Doctor (on appointment)<\/li>\n<li>First-aid certified staff present 24\/7<\/li>\n<li>Housekeeping staff<\/li>\n<li>In house maintenance<\/li>\n<li>Manager<\/li>\n<li>Patient attendant 24\/7<\/li>\n<li>Receptionist<\/li>\n<li>Recreation therapist or technician<\/li>\n<li>Registered Nursing Assistant 7 days a week<\/li>\n<\/ul>\n<p>[\/vc_column_text][\/vc_tta_section][vc_tta_section title=&#8221;Building setup&#8221; tab_id=&#8221;ambd2d-9ea1&#8243;][vc_column_text]<\/p>\n<ul class=\"list_check\">\n<li>Air conditioning<\/li>\n<li>Backyard with recreational equipment<\/li>\n<li>Camera surveillance system<\/li>\n<li>Chapel<\/li>\n<li>Chip controlled access system<\/li>\n<li>Elevators<\/li>\n<li>Emergency call system<\/li>\n<li>Emergency lighting<\/li>\n<li>Fire alarm system<\/li>\n<li>Free laundry room<\/li>\n<li>Garbage chute<\/li>\n<li>Generator<\/li>\n<li>Glassed living room<\/li>\n<li>Heat detectors<\/li>\n<li>Higher grade soundproofing<\/li>\n<li>Indoor parking ($)<\/li>\n<li>Intercom system<\/li>\n<li>Living room (fireplace, television, seats, etc.)<\/li>\n<li>Outdoor parking<\/li>\n<li>Outdoor rocking chairs<\/li>\n<li>Outside garden<\/li>\n<li>Reception desk<\/li>\n<li>Reduced mobility accessibility<\/li>\n<li>Security system<\/li>\n<li>Smoke detectors<\/li>\n<li>Sprinklers<\/li>\n<li>Sun room<\/li>\n<li>Support bars in hallways<\/li>\n<li>Toilets<\/li>\n<li>Wheelchair accessibility<\/li>\n<\/ul>\n<p>[\/vc_column_text][\/vc_tta_section][vc_tta_section title=&#8221;Meals&#8221; tab_id=&#8221;rebd2d-9ea1&#8243;][vc_column_text]<\/p>\n<ul class=\"list_check\">\n<li>Choice between 2 menus for lunch and dinner (daily or \u00e0 la carte)<\/li>\n<li>Meals served at the unit (on demand)<\/li>\n<li>Dining room service<\/li>\n<li>Mashed food<\/li>\n<li>Respect for special diets<\/li>\n<li>Salad bar<\/li>\n<li>Single meals or monthly plan<\/li>\n<\/ul>\n<p>[\/vc_column_text][\/vc_tta_section][\/vc_tta_accordion][\/vc_column][\/vc_row][vc_row full_width=&#8221;stretch_row&#8221; content_placement=&#8221;middle&#8221; parallax=&#8221;content-moving&#8221; css=&#8221;.vc_custom_1541648670148{padding-top: 20px !important;padding-bottom: 20px !important;background-color: #231f20 !important;}&#8221;][vc_column width=&#8221;2\/3&#8243;][vc_column_text]<\/p>\n<h2 class=\"themecolor\">Neighborhood<\/h2>\n<p style=\"color: #fff;\"><strong>Varennes<\/strong> is located in the Marguerite D\u2019Youville RMC, in Mont\u00e9r\u00e9gie, Qu\u00e9bec.  It is located close to the 132 road, about 16 minutes South of Montreal.  This town is on the edge of the St-Lawrence River and offers breathtaking views of cruiseships and commercial boats.  The impressive Ste-Anne-de-Varennes Basilica is also part of the home\u2019s landscape and is the original location of where this municipality became a town.<\/p>\n<p>[\/vc_column_text][\/vc_column][vc_column width=&#8221;1\/3&#8243;][vc_gallery type=&#8221;image_grid&#8221; images=&#8221;473,474,472&#8243;][\/vc_column][\/vc_row][vc_row][vc_column width=&#8221;1\/2&#8243;][vc_column_text]<\/p>\n<h2>Our apartments<\/h2>\n<h5>Unit specific services<\/h5>\n<ul class=\"list_check\">\n<li>Air conditioning (individual control)<\/li>\n<li>Basic cable service<\/li>\n<li>Bedding maintenance and care (\u00e0 la carte)<\/li>\n<li>Bigger windows<\/li>\n<li>Clothes maintenance and care (\u00e0 la carte)<\/li>\n<li>Dishwasher connections<\/li>\n<li>Electricity, heating and water heater<\/li>\n<li>Emergency call system<\/li>\n<li>Extra storage room available ($)<\/li>\n<li>Generous fenestration<\/li>\n<li>Grab bars in the bathroom<\/li>\n<li>Heating (individual control)<\/li>\n<li>Heat detectors<\/li>\n<li>Higher grade soundproofing<\/li>\n<li>Household cleaning (\u00e0 la carte)<\/li>\n<li>Indoor storage space within the unit<\/li>\n<li>Kitchen (without cooking appliances)<\/li>\n<li>Meals (two meals per day)<\/li>\n<li>Portable emergency call system (security bracelet)<\/li>\n<li>Private balcony<\/li>\n<li>Private washroom<\/li>\n<li>Security system<\/li>\n<li>Smoke detectors<\/li>\n<li>Sprinklers<\/li>\n<li>Stove and refrigerator connections<\/li>\n<li>Walk-in style wardrobe<\/li>\n<li>Wardrobe<\/li>\n<li>Washer and drier connections<\/li>\n<\/ul>\n<p>[\/vc_column_text][\/vc_column][vc_column width=&#8221;1\/2&#8243;][rev_slider_vc alias=&#8221;seigneuriefleuve-varenne-chambres&#8221;][vc_toggle title=&#8221;Studio apartment \/ 441 to 580 sq. ft&#8221;][\/vc_toggle][vc_toggle title=&#8221;3 1\/2 room apartment \/ 655 to 784 sq. ft.&#8221;]<a href=\"https:\/\/residencesfleurdelys.com\/wp-content\/uploads\/2019\/11\/varenne-logement-c.jpg\"><img loading=\"lazy\" decoding=\"async\" class=\"alignnone size-large wp-image-671\" src=\"https:\/\/residencesfleurdelys.com\/wp-content\/uploads\/2019\/11\/varenne-logement-c-1024x807.jpg\" alt=\"\" width=\"1024\" height=\"807\" srcset=\"https:\/\/residencesfleurdelys.com\/wp-content\/uploads\/2019\/11\/varenne-logement-c-1024x807.jpg 1024w, https:\/\/residencesfleurdelys.com\/wp-content\/uploads\/2019\/11\/varenne-logement-c-300x237.jpg 300w, https:\/\/residencesfleurdelys.com\/wp-content\/uploads\/2019\/11\/varenne-logement-c-768x606.jpg 768w, https:\/\/residencesfleurdelys.com\/wp-content\/uploads\/2019\/11\/varenne-logement-c-185x146.jpg 185w, https:\/\/residencesfleurdelys.com\/wp-content\/uploads\/2019\/11\/varenne-logement-c-50x39.jpg 50w, https:\/\/residencesfleurdelys.com\/wp-content\/uploads\/2019\/11\/varenne-logement-c-95x75.jpg 95w\" sizes=\"(max-width:767px) 480px, (max-width:1024px) 100vw, 1024px\" \/><\/a>[\/vc_toggle][vc_toggle title=&#8221;4 1\/2 room apartment \/ 900 to 1084 sq. ft.&#8221;]<a href=\"https:\/\/residencesfleurdelys.com\/wp-content\/uploads\/2019\/11\/varenne-logement-d.jpg\"><img loading=\"lazy\" decoding=\"async\" class=\"alignnone size-large wp-image-673\" src=\"https:\/\/residencesfleurdelys.com\/wp-content\/uploads\/2019\/11\/varenne-logement-d-1024x1010.jpg\" alt=\"\" width=\"1024\" height=\"1010\" srcset=\"https:\/\/residencesfleurdelys.com\/wp-content\/uploads\/2019\/11\/varenne-logement-d-1024x1010.jpg 1024w, https:\/\/residencesfleurdelys.com\/wp-content\/uploads\/2019\/11\/varenne-logement-d-300x296.jpg 300w, https:\/\/residencesfleurdelys.com\/wp-content\/uploads\/2019\/11\/varenne-logement-d-768x758.jpg 768w, https:\/\/residencesfleurdelys.com\/wp-content\/uploads\/2019\/11\/varenne-logement-d-148x146.jpg 148w, https:\/\/residencesfleurdelys.com\/wp-content\/uploads\/2019\/11\/varenne-logement-d-50x50.jpg 50w, https:\/\/residencesfleurdelys.com\/wp-content\/uploads\/2019\/11\/varenne-logement-d-76x75.jpg 76w, https:\/\/residencesfleurdelys.com\/wp-content\/uploads\/2019\/11\/varenne-logement-d-85x85.jpg 85w, https:\/\/residencesfleurdelys.com\/wp-content\/uploads\/2019\/11\/varenne-logement-d-80x80.jpg 80w\" sizes=\"(max-width:767px) 480px, (max-width:1024px) 100vw, 1024px\" \/><\/a><a href=\"https:\/\/residencesfleurdelys.com\/wp-content\/uploads\/2019\/11\/varenne-logement-j.jpg\"><img loading=\"lazy\" decoding=\"async\" class=\"alignnone size-large wp-image-675\" src=\"https:\/\/residencesfleurdelys.com\/wp-content\/uploads\/2019\/11\/varenne-logement-j-1024x934.jpg\" alt=\"\" width=\"1024\" height=\"934\" srcset=\"https:\/\/residencesfleurdelys.com\/wp-content\/uploads\/2019\/11\/varenne-logement-j-1024x934.jpg 1024w, https:\/\/residencesfleurdelys.com\/wp-content\/uploads\/2019\/11\/varenne-logement-j-300x274.jpg 300w, https:\/\/residencesfleurdelys.com\/wp-content\/uploads\/2019\/11\/varenne-logement-j-768x701.jpg 768w, https:\/\/residencesfleurdelys.com\/wp-content\/uploads\/2019\/11\/varenne-logement-j-160x146.jpg 160w, https:\/\/residencesfleurdelys.com\/wp-content\/uploads\/2019\/11\/varenne-logement-j-50x46.jpg 50w, https:\/\/residencesfleurdelys.com\/wp-content\/uploads\/2019\/11\/varenne-logement-j-82x75.jpg 82w\" sizes=\"(max-width:767px) 480px, (max-width:1024px) 100vw, 1024px\" \/><\/a>[\/vc_toggle][vc_toggle title=&#8221;4 1\/2 room apartment \/ special 1588 sq. ft.&#8221;][\/vc_toggle][\/vc_column][\/vc_row][vc_row][vc_column][vc_gmaps link=&#8221;#E-8_JTNDaWZyYW1lJTIwc3JjJTNEJTIyaHR0cHMlM0ElMkYlMkZ3d3cuZ29vZ2xlLmNvbSUyRm1hcHMlMkZlbWJlZCUzRnBiJTNEJTIxMW0xNCUyMTFtOCUyMTFtMyUyMTFkMTExNTEuMTEwNjQ5NDQ4MDklMjEyZC03My40MzY4MjMlMjEzZDQ1LjY3NTM2MzYlMjEzbTIlMjExaTEwMjQlMjEyaTc2OCUyMTRmMTMuMSUyMTNtMyUyMTFtMiUyMTFzMHgwJTI1M0EweDE4ZmM3NGFlNzVkN2Y1ODIlMjEyc1IlMjVDMyUyNUE5c2lkZW5jZSUyQkxhJTJCU2VpZ25ldXJpZSUyQnN1ciUyQmxlJTJCRmxldXZlJTIxNWUwJTIxM20yJTIxMXNmciUyMTJzY2ElMjE0djE1NDgwMzczNjMzMTElMjIlMjB3aWR0aCUzRCUyMjYwMCUyMiUyMGhlaWdodCUzRCUyMjQ1MCUyMiUyMGZyYW1lYm9yZGVyJTNEJTIyMCUyMiUyMHN0eWxlJTNEJTIyYm9yZGVyJTNBMCUyMiUyMGFsbG93ZnVsbHNjcmVlbiUzRSUzQyUyRmlmcmFtZSUzRQ==&#8221;][\/vc_column][\/vc_row]<\/p>\n<\/div>","protected":false},"excerpt":{"rendered":"<p>[vc_row css=&#8221;.vc_custom_1536035702055{margin-top: 40px !important;}&#8221;][vc_column width=&#8221;1\/2&#8243;][vc_column_text]La Seigneurie sur le Fleuve senior home is located in the town of Varennes, in the Mont\u00e9r\u00e9gie area of Qu\u00e9bec. This 2015<span class=\"excerpt-hellip\"> [\u2026]<\/span><\/p>\n","protected":false},"author":2,"featured_media":0,"parent":529,"menu_order":0,"comment_status":"closed","ping_status":"closed","template":"","meta":{"footnotes":""},"class_list":["post-596","page","type-page","status-publish","hentry"],"_links":{"self":[{"href":"https:\/\/residencesfleurdelys.com\/en\/wp-json\/wp\/v2\/pages\/596"}],"collection":[{"href":"https:\/\/residencesfleurdelys.com\/en\/wp-json\/wp\/v2\/pages"}],"about":[{"href":"https:\/\/residencesfleurdelys.com\/en\/wp-json\/wp\/v2\/types\/page"}],"author":[{"embeddable":true,"href":"https:\/\/residencesfleurdelys.com\/en\/wp-json\/wp\/v2\/users\/2"}],"replies":[{"embeddable":true,"href":"https:\/\/residencesfleurdelys.com\/en\/wp-json\/wp\/v2\/comments?post=596"}],"version-history":[{"count":0,"href":"https:\/\/residencesfleurdelys.com\/en\/wp-json\/wp\/v2\/pages\/596\/revisions"}],"up":[{"embeddable":true,"href":"https:\/\/residencesfleurdelys.com\/en\/wp-json\/wp\/v2\/pages\/529"}],"wp:attachment":[{"href":"https:\/\/residencesfleurdelys.com\/en\/wp-json\/wp\/v2\/media?parent=596"}],"curies":[{"name":"wp","href":"https:\/\/api.w.org\/{rel}","templated":true}]}}