{"id":582,"date":"2019-10-07T17:56:11","date_gmt":"2019-10-07T17:56:11","guid":{"rendered":"http:\/\/residencesfleurdelys.com\/?page_id=582"},"modified":"2021-06-14T19:26:16","modified_gmt":"2021-06-14T23:26:16","slug":"seigneuriedechambly","status":"publish","type":"page","link":"https:\/\/residencesfleurdelys.com\/en\/residences\/seigneuriedechambly\/","title":{"rendered":"La Seigneurie de Chambly"},"content":{"rendered":"<div class=\"wpb-content-wrapper\"><p>[vc_row css=&#8221;.vc_custom_1536035702055{margin-top: 40px !important;}&#8221;][vc_column width=&#8221;1\/2&#8243;][vc_column_text]La Seigneurie de Chambly senior home is located in the town of Chambly, in the Mont\u00e9r\u00e9gie area of Qu\u00e9bec. This 2010 construction has 197 units for independent and assisted-living people. All necessary services are provided to make your stay with us as enjoyable as possible. We offer three types of units ranging from 400 to 1121 square feet. We offer studio, 3 1\/2 and 4 1\/2 configurations. This home holds all the certifications needed to operate and is ruled by the certification for private residences for the elderly. Come and see us, we will be pleased to meet you and let you visit your future home.[\/vc_column_text][\/vc_column][vc_column width=&#8221;1\/2&#8243; css=&#8221;.vc_custom_1536031805195{border-left-width: 2px !important;padding-left: 20px !important;border-left-color: #ab8b56 !important;border-left-style: solid !important;}&#8221;][vc_column_text]<\/p>\n<ul style=\"list-style: none;\">\n<li><strong>Address :\u00a0<\/strong>995, rue Oscar-Viau, Chambly, Qu\u00e9bec, J3L 0H2<\/li>\n<li><strong>Phone :<\/strong> <a href=\"tel:+14504031684\">(450) 403-1684<\/a><\/li>\n<li><strong>Email :<\/strong>\u00a0<a href=\"mailto:jtrudeau@residencesfleurdelys.com\">jtrudeau@residencesfleurdelys.com<\/a><\/li>\n<li>Managed by Jos\u00e9e Trudeau | <a href=\"http:\/\/residencesfleurdelys.com\/en\/jobs-careers\/\">Job opportunities<\/a><\/li>\n<li><a class=\"button  button_size_1\" href=\"https:\/\/residencesfleurdelys.com\/en\/contact-us\/\"     style=\"color:#fff;\"     title=\"\"><span class=\"button_label\">Rental demand<\/span><\/a>\n<\/li>\n<\/ul>\n<p>[\/vc_column_text][\/vc_column][\/vc_row][vc_row][vc_column][rev_slider_vc alias=&#8221;seigneurie-chambly-main&#8221;][\/vc_column][\/vc_row][vc_row][vc_column]<div class=\"fancy_heading fancy_heading_icon\"><div class=\"fh-top\"><span class=\"icon_top\"><i class=\"icon-pinboard\" aria-hidden=\"true\"><\/i><\/span><\/div><h2 class=\"title\">Services and characteristics<\/h2><div class=\"inside\">R\u00e9sidence La Seigneurie de Chambly | Chambly, Qc<\/div><\/div>\n[\/vc_column][\/vc_row][vc_row][vc_column][vc_tta_accordion style=&#8221;modern&#8221; color=&#8221;white&#8221; active_section=&#8221;1&#8243; collapsible_all=&#8221;true&#8221; css=&#8221;.vc_custom_1552245615425{border-top-width: 1px !important;border-right-width: 1px !important;border-bottom-width: 1px !important;border-left-width: 1px !important;border-left-color: #cccccc !important;border-left-style: solid !important;border-right-color: #cccccc !important;border-right-style: solid !important;border-top-color: #cccccc !important;border-top-style: solid !important;border-bottom-color: #cccccc !important;border-bottom-style: solid !important;}&#8221;][vc_tta_section title=&#8221;Services provided in home&#8221; tab_id=&#8221;so0f5f-5105&#8243;][vc_column_text]<\/p>\n<ul class=\"list_check\">\n<li>24\/7 human and electronic monitoring<\/li>\n<li>Banking services<\/li>\n<li>Basic cable service<\/li>\n<li>Concierge service<\/li>\n<li>Domestic help<\/li>\n<li>Electronic monitoring service<\/li>\n<li>Emergency call service<\/li>\n<li>Hairstyling (\u00e0 la carte)<\/li>\n<li>Hairstyling<\/li>\n<li>Hand car wash<\/li>\n<li>Household maintenance (\u00e0 la carte)<\/li>\n<li>Household maintenance<\/li>\n<li>Internet access<\/li>\n<li>Laundry service<\/li>\n<li>Mail at reception desk<\/li>\n<li>Mail service<\/li>\n<li>Monitoring tenant<\/li>\n<li>Pastoral services<\/li>\n<li>Paying taxi service<\/li>\n<li>Permanent security services 24\/7<\/li>\n<li>Running errand services<\/li>\n<li>Shuttle service (shopping, groceries, etc.)<\/li>\n<\/ul>\n<p>[\/vc_column_text][\/vc_tta_section][vc_tta_section title=&#8221;Leisure activities&#8221; tab_id=&#8221;lo0f5f-5105&#8243;][vc_column_text]<\/p>\n<ul class=\"list_check\">\n<li>Group classes (yoga, spinning etc.)(\u00e0 la carte)<\/li>\n<li>Adapted activity program<\/li>\n<li>Bingo<\/li>\n<li>Board games<\/li>\n<li>Bridge<\/li>\n<li>Cards room<\/li>\n<li>Choir<\/li>\n<li>Community room<\/li>\n<li>Exercise room<\/li>\n<li>External activities and outings<\/li>\n<li>Fireplace<\/li>\n<li>Fitness room<\/li>\n<li>Games area<\/li>\n<li>Garden<\/li>\n<li>Home theater<\/li>\n<li>Internet access<\/li>\n<li>leisure room (large)<\/li>\n<li>Library<\/li>\n<li>Mild exercise and relaxation<\/li>\n<li>Minigolf<\/li>\n<li>Multifunctional leisure room<\/li>\n<li>Organ<\/li>\n<li>Outdoor croquet<\/li>\n<li>Outside bocce ball court<\/li>\n<li>Pool room<\/li>\n<li>Private dining room<\/li>\n<li>Shuffleboard<\/li>\n<li>Social dancing<\/li>\n<li>Social events (anniversaries, musical afternoons, movies, bingo, etc.)\n<li>Various activities (predetermined schedule)<\/li>\n<li>Virtual bowling<\/li>\n<li>Walking club<\/li>\n<\/ul>\n<p>[\/vc_column_text][\/vc_tta_section][vc_tta_section title=&#8221;Health services&#8221; tab_id=&#8221;ss0f5f-5105&#8243;][vc_column_text]<\/p>\n<ul class=\"list_check\">\n<li>Bath assistance<\/li>\n<li>Beauty care<\/li>\n<li>Bedtime assistance<\/li>\n<li>Convalescent care<\/li>\n<li>Daily hygiene<\/li>\n<li>Doctor visit<\/li>\n<li>Dressing up assistance<\/li>\n<li>Foot care ($)<\/li>\n<li>Healthcare office<\/li>\n<li>Help services for semi-assisted people<\/li>\n<li>Medication management<\/li>\n<li>Morning Assistance<\/li>\n<li>Nursing (\u00e0 la carte)<\/li>\n<li>Personal assistance<\/li>\n<li>Personalized care<\/li>\n<li>Pharmacy (straight from inside the home)<\/li>\n<li>Registered Nursing Assistants<\/li>\n<li>Specialists&#8217; visits (podiatrist, massage therapist, chiropractor and more)<\/li>\n<li>Transportation assistance<\/li>\n<li>Urinary incontinence assistance<\/li>\n<\/ul>\n<p>[\/vc_column_text][\/vc_tta_section][vc_tta_section title=&#8221;Internal shops&#8221; tab_id=&#8221;ci0f5f-5105&#8243;][vc_column_text]<\/p>\n<ul class=\"list_check\">\n<li>Caisse Desjardins<\/li>\n<li>Convenience store<\/li>\n<li>Hairdressing salon<\/li>\n<li>Roaming boutiques and shops inside the home<\/li>\n<\/ul>\n<p>[\/vc_column_text][\/vc_tta_section][vc_tta_section title=&#8221;At your service staff&#8221; tab_id=&#8221;ps0f5f-5105&#8243;][vc_column_text]<\/p>\n<ul class=\"list_check\">\n<li>24\/7 surveillance<\/li>\n<li>Accommodation advisor<\/li>\n<li>Assistance<\/li>\n<li>Chef<\/li>\n<li>Concierge<\/li>\n<li>First-aid certified staff present 24\/7<\/li>\n<li>Full-time entertainers<\/li>\n<li>Housekeeping staff<\/li>\n<li>Manager<\/li>\n<li>Night watch<\/li>\n<li>Nurse 7 days a week<\/li>\n<li>Nurse<\/li>\n<li>Patient attendant 24\/7<\/li>\n<li>Patient attendant<\/li>\n<li>Personal care attendant 24\/7<\/li>\n<li>Personal care attendant<\/li>\n<li>Receptionist<\/li>\n<li>Recreation therapist or technician<\/li>\n<li>Registered Nursing Assistant<\/li>\n<\/ul>\n<p>[\/vc_column_text][\/vc_tta_section][vc_tta_section title=&#8221;Building setup&#8221; tab_id=&#8221;am0f5f-5105&#8243;][vc_column_text]<\/p>\n<ul class=\"list_check\">\n<li>Air conditioning<\/li>\n<li>Backyard with recreational equipment<\/li>\n<li>Camera surveillance system<\/li>\n<li>Chapel<\/li>\n<li>Contemplation room<\/li>\n<li>Elevators<\/li>\n<li>Emergency call system<\/li>\n<li>Emergency lighting<\/li>\n<li>Fire alarm system<\/li>\n<li>Garbage chute<\/li>\n<li>Generator<\/li>\n<li>Glassed living room<\/li>\n<li>Heat detectors<\/li>\n<li>Higher grade soundproofing<\/li>\n<li>Indoor parking<\/li>\n<li>Intercom system<\/li>\n<li>Laundry room ($)<\/li>\n<li>Laundry room on each floor<\/li>\n<li>Living room (fireplace, television, seats, etc.)<\/li>\n<li>Outdoor parking<\/li>\n<li>Outdoor rocking chairs<\/li>\n<li>Outside garden<\/li>\n<li>Outside garden with flower arrangements<\/li>\n<li>Powrder room<\/li>\n<li>Praying place<\/li>\n<li>Private lounge for gatherings and family events<\/li>\n<li>Reception desk<\/li>\n<li>Reduced mobility accessibility<\/li>\n<li>Security system<\/li>\n<li>Smoke detectors<\/li>\n<li>Sprinklers<\/li>\n<li>Sun room<\/li>\n<li>Support bars in hallways<\/li>\n<li>Toilets<\/li>\n<li>Wheelchair accessibility<\/li>\n<\/ul>\n<p>[\/vc_column_text][\/vc_tta_section][vc_tta_section title=&#8221;Meals&#8221; tab_id=&#8221;re0f5f-5105&#8243;][vc_column_text]<\/p>\n<ul class=\"list_check\">\n<li>Two meals per day (lunch, dinner)<\/li>\n<li>Choice between 2 menus for lunch and dinner (\u00e0 la carte)<\/li>\n<li>Choice between menus (daily or \u00e0 la carte)<\/li>\n<li>Dining room for guest reception<\/li>\n<li>Dining room service<\/li>\n<li>Meals or snacks served at the unit (on demand)<\/li>\n<li>Respect for special diets<\/li>\n<li>Salad bar<\/li>\n<li>Single meals or monthly plan<\/li>\n<li>Snacks<\/li>\n<li>Varied menus (buffet style)<\/li>\n<\/ul>\n<p>[\/vc_column_text][\/vc_tta_section][\/vc_tta_accordion][\/vc_column][\/vc_row][vc_row full_width=&#8221;stretch_row&#8221; content_placement=&#8221;middle&#8221; parallax=&#8221;content-moving&#8221; css=&#8221;.vc_custom_1541648670148{padding-top: 20px !important;padding-bottom: 20px !important;background-color: #231f20 !important;}&#8221;][vc_column width=&#8221;2\/3&#8243;][vc_column_text]<\/p>\n<h2 class=\"themecolor\">Neighborhood<\/h2>\n<p style=\"color: #fff;\"><strong>Chambly<\/strong> is located in the Mont\u00e9r\u00e9gie area of Qu\u00e9bec.  This town is conveniently located close to the 30 highway, 25 km south of Montreal.  It is well known for the fortifications located at the bottom of Chambly Rapids, its locks and canal.  This town, rich in history is onshore to the Chambly Basin, where you can appreciate beautiful sunsets and boating activities.  The Seigneurie de Chambly is walking distance to all this cultural richness and green spaces abundance.  Not to  forget, the Bi\u00e8re et Saveurs Festival in Chambly, a gourmand and gourmet event gathering lost of local food producers and artists.<\/p>\n<p>[\/vc_column_text][\/vc_column][vc_column width=&#8221;1\/3&#8243;][vc_gallery type=&#8221;image_grid&#8221; images=&#8221;402&#8243;][\/vc_column][\/vc_row][vc_row][vc_column width=&#8221;1\/2&#8243;][vc_column_text]<\/p>\n<h2>Our apartments<\/h2>\n<h5>Unit specific services<\/h5>\n<ul class=\"list_check\">\n<li>Air conditioning (individual control)<\/li>\n<li>Balcony<\/li>\n<li>Basic cable service<\/li>\n<li>Bedding maintenance and care (\u00e0 la carte)<\/li>\n<li>Bigger windows<\/li>\n<li>Clothes maintenance and care (\u00e0 la carte)<\/li>\n<li>Dishwasher connections<\/li>\n<li>Electricity, heating and water heater<\/li>\n<li>Emergency call system<\/li>\n<li>Generous fenestration<\/li>\n<li>Grab bars in the bathroom<\/li>\n<li>Heat detectors<\/li>\n<li>Heating (individual control)<\/li>\n<li>Higher grade soundproofing<\/li>\n<li>Household cleaning (\u00e0 la carte)<\/li>\n<li>Indoor storage space within the unit<\/li>\n<li>Kitchen (without cooking appliances)<\/li>\n<li>Meals (two meals per day)<\/li>\n<li>Pharmaceutical services<\/li>\n<li>Phone line (basic line included)<\/li>\n<li>Portable emergency call system<\/li>\n<li>Private balcony<\/li>\n<li>Private powrder room within the unit<\/li>\n<li>Private washroom<\/li>\n<li>Religious services<\/li>\n<li>Security system<\/li>\n<li>Smoke detectors<\/li>\n<li>Sprinklers<\/li>\n<li>Stove and refrigerator connections<\/li>\n<li>Wardrobe<\/li>\n<li>Washer and drier connections<\/li>\n<\/ul>\n<p>[\/vc_column_text][\/vc_column][vc_column width=&#8221;1\/2&#8243;][rev_slider_vc alias=&#8221;seigneurie-chambly-chambres&#8221;][vc_toggle title=&#8221;2 1\/2 room apartment \/ 400 to 630 sq. ft.&#8221;]<a href=\"https:\/\/residencesfleurdelys.com\/wp-content\/uploads\/2019\/11\/chambly-logement-studioA.jpg\"><img loading=\"lazy\" decoding=\"async\" class=\"alignnone size-large wp-image-653\" src=\"https:\/\/residencesfleurdelys.com\/wp-content\/uploads\/2019\/11\/chambly-logement-studioA-455x1024.jpg\" alt=\"\" width=\"455\" height=\"1024\" srcset=\"https:\/\/residencesfleurdelys.com\/wp-content\/uploads\/2019\/11\/chambly-logement-studioA-455x1024.jpg 455w, https:\/\/residencesfleurdelys.com\/wp-content\/uploads\/2019\/11\/chambly-logement-studioA-133x300.jpg 133w, https:\/\/residencesfleurdelys.com\/wp-content\/uploads\/2019\/11\/chambly-logement-studioA-768x1730.jpg 768w, https:\/\/residencesfleurdelys.com\/wp-content\/uploads\/2019\/11\/chambly-logement-studioA-65x146.jpg 65w, https:\/\/residencesfleurdelys.com\/wp-content\/uploads\/2019\/11\/chambly-logement-studioA-22x50.jpg 22w, https:\/\/residencesfleurdelys.com\/wp-content\/uploads\/2019\/11\/chambly-logement-studioA-33x75.jpg 33w, https:\/\/residencesfleurdelys.com\/wp-content\/uploads\/2019\/11\/chambly-logement-studioA.jpg 1063w\" sizes=\"(max-width:767px) 455px, 455px\" \/><\/a>[\/vc_toggle][vc_toggle title=&#8221;3 1\/2 room apartment \/ 633 to 1115 sq. ft.&#8221;]<a href=\"https:\/\/residencesfleurdelys.com\/wp-content\/uploads\/2019\/11\/chambly-logement-3a.jpg\"><img loading=\"lazy\" decoding=\"async\" class=\"alignnone size-large wp-image-647\" src=\"https:\/\/residencesfleurdelys.com\/wp-content\/uploads\/2019\/11\/chambly-logement-3a-650x1024.jpg\" alt=\"\" width=\"650\" height=\"1024\" srcset=\"https:\/\/residencesfleurdelys.com\/wp-content\/uploads\/2019\/11\/chambly-logement-3a-650x1024.jpg 650w, https:\/\/residencesfleurdelys.com\/wp-content\/uploads\/2019\/11\/chambly-logement-3a-190x300.jpg 190w, https:\/\/residencesfleurdelys.com\/wp-content\/uploads\/2019\/11\/chambly-logement-3a-768x1211.jpg 768w, https:\/\/residencesfleurdelys.com\/wp-content\/uploads\/2019\/11\/chambly-logement-3a-93x146.jpg 93w, https:\/\/residencesfleurdelys.com\/wp-content\/uploads\/2019\/11\/chambly-logement-3a-32x50.jpg 32w, https:\/\/residencesfleurdelys.com\/wp-content\/uploads\/2019\/11\/chambly-logement-3a-48x75.jpg 48w, https:\/\/residencesfleurdelys.com\/wp-content\/uploads\/2019\/11\/chambly-logement-3a.jpg 1535w\" sizes=\"(max-width:767px) 480px, 650px\" \/><\/a><a href=\"https:\/\/residencesfleurdelys.com\/wp-content\/uploads\/2019\/11\/chambly-logement-3d.jpg\"><img loading=\"lazy\" decoding=\"async\" class=\"alignnone size-large wp-image-649\" src=\"https:\/\/residencesfleurdelys.com\/wp-content\/uploads\/2019\/11\/chambly-logement-3d-957x1024.jpg\" alt=\"\" width=\"957\" height=\"1024\" srcset=\"https:\/\/residencesfleurdelys.com\/wp-content\/uploads\/2019\/11\/chambly-logement-3d-957x1024.jpg 957w, https:\/\/residencesfleurdelys.com\/wp-content\/uploads\/2019\/11\/chambly-logement-3d-281x300.jpg 281w, https:\/\/residencesfleurdelys.com\/wp-content\/uploads\/2019\/11\/chambly-logement-3d-768x821.jpg 768w, https:\/\/residencesfleurdelys.com\/wp-content\/uploads\/2019\/11\/chambly-logement-3d-137x146.jpg 137w, https:\/\/residencesfleurdelys.com\/wp-content\/uploads\/2019\/11\/chambly-logement-3d-47x50.jpg 47w, https:\/\/residencesfleurdelys.com\/wp-content\/uploads\/2019\/11\/chambly-logement-3d-70x75.jpg 70w\" sizes=\"(max-width:767px) 480px, (max-width:957px) 100vw, 957px\" \/><\/a>[\/vc_toggle][vc_toggle title=&#8221;4 1\/2 room apartment \/ 931 to 1121 sq. ft.&#8221;]<a href=\"https:\/\/residencesfleurdelys.com\/wp-content\/uploads\/2019\/11\/chambly-logement-4d.jpg\"><img loading=\"lazy\" decoding=\"async\" class=\"alignnone size-large wp-image-651\" src=\"https:\/\/residencesfleurdelys.com\/wp-content\/uploads\/2019\/11\/chambly-logement-4d-937x1024.jpg\" alt=\"\" width=\"937\" height=\"1024\" srcset=\"https:\/\/residencesfleurdelys.com\/wp-content\/uploads\/2019\/11\/chambly-logement-4d-937x1024.jpg 937w, https:\/\/residencesfleurdelys.com\/wp-content\/uploads\/2019\/11\/chambly-logement-4d-274x300.jpg 274w, https:\/\/residencesfleurdelys.com\/wp-content\/uploads\/2019\/11\/chambly-logement-4d-768x840.jpg 768w, https:\/\/residencesfleurdelys.com\/wp-content\/uploads\/2019\/11\/chambly-logement-4d-134x146.jpg 134w, https:\/\/residencesfleurdelys.com\/wp-content\/uploads\/2019\/11\/chambly-logement-4d-46x50.jpg 46w, https:\/\/residencesfleurdelys.com\/wp-content\/uploads\/2019\/11\/chambly-logement-4d-69x75.jpg 69w\" sizes=\"(max-width:767px) 480px, (max-width:937px) 100vw, 937px\" \/><\/a>[\/vc_toggle][\/vc_column][\/vc_row][vc_row][vc_column][vc_gmaps link=&#8221;#E-8_JTNDaWZyYW1lJTIwc3JjJTNEJTIyaHR0cHMlM0ElMkYlMkZ3d3cuZ29vZ2xlLmNvbSUyRm1hcHMlMkZlbWJlZCUzRnBiJTNEJTIxMW0xOCUyMTFtMTIlMjExbTMlMjExZDIwODIzLjgxNjIzMTU0MTc1JTIxMmQtNzMuMjk3MzA1NjY1NzU2ODIlMjEzZDQ1LjQ0NjU5MDUyNzQ4MzU5JTIxMm0zJTIxMWYwJTIxMmYwJTIxM2YwJTIxM20yJTIxMWkxMDI0JTIxMmk3NjglMjE0ZjEzLjElMjEzbTMlMjExbTIlMjExczB4NGNjOWE4MGI4NTg4MGUxYiUyNTNBMHg5ZjE1M2Q4NmVjNTViYTA0JTIxMnNSdWUlMkJPc2Nhci1WaWF1JTI1MkMlMkJDaGFtYmx5JTI1MkMlMkJRQyUyMTVlMCUyMTNtMiUyMTFzZnIlMjEyc2NhJTIxNHYxNTQ4MDM3MDY0MDM1JTIyJTIwd2lkdGglM0QlMjI2MDAlMjIlMjBoZWlnaHQlM0QlMjI0NTAlMjIlMjBmcmFtZWJvcmRlciUzRCUyMjAlMjIlMjBzdHlsZSUzRCUyMmJvcmRlciUzQTAlMjIlMjBhbGxvd2Z1bGxzY3JlZW4lM0UlM0MlMkZpZnJhbWUlM0U=&#8221;][\/vc_column][\/vc_row]<\/p>\n<\/div>","protected":false},"excerpt":{"rendered":"<p>[vc_row css=&#8221;.vc_custom_1536035702055{margin-top: 40px !important;}&#8221;][vc_column width=&#8221;1\/2&#8243;][vc_column_text]La Seigneurie de Chambly senior home is located in the town of Chambly, in the Mont\u00e9r\u00e9gie area of Qu\u00e9bec. This 2010 construction<span class=\"excerpt-hellip\"> [\u2026]<\/span><\/p>\n","protected":false},"author":2,"featured_media":0,"parent":529,"menu_order":0,"comment_status":"closed","ping_status":"closed","template":"","meta":{"footnotes":""},"class_list":["post-582","page","type-page","status-publish","hentry"],"_links":{"self":[{"href":"https:\/\/residencesfleurdelys.com\/en\/wp-json\/wp\/v2\/pages\/582"}],"collection":[{"href":"https:\/\/residencesfleurdelys.com\/en\/wp-json\/wp\/v2\/pages"}],"about":[{"href":"https:\/\/residencesfleurdelys.com\/en\/wp-json\/wp\/v2\/types\/page"}],"author":[{"embeddable":true,"href":"https:\/\/residencesfleurdelys.com\/en\/wp-json\/wp\/v2\/users\/2"}],"replies":[{"embeddable":true,"href":"https:\/\/residencesfleurdelys.com\/en\/wp-json\/wp\/v2\/comments?post=582"}],"version-history":[{"count":0,"href":"https:\/\/residencesfleurdelys.com\/en\/wp-json\/wp\/v2\/pages\/582\/revisions"}],"up":[{"embeddable":true,"href":"https:\/\/residencesfleurdelys.com\/en\/wp-json\/wp\/v2\/pages\/529"}],"wp:attachment":[{"href":"https:\/\/residencesfleurdelys.com\/en\/wp-json\/wp\/v2\/media?parent=582"}],"curies":[{"name":"wp","href":"https:\/\/api.w.org\/{rel}","templated":true}]}}