{"id":571,"date":"2019-10-07T17:14:09","date_gmt":"2019-10-07T17:14:09","guid":{"rendered":"http:\/\/residencesfleurdelys.com\/?page_id=571"},"modified":"2024-09-26T20:25:41","modified_gmt":"2024-09-27T00:25:41","slug":"samueldechamplain","status":"publish","type":"page","link":"https:\/\/residencesfleurdelys.com\/en\/residences\/samueldechamplain\/","title":{"rendered":"Samuel-de-Champlain Residence"},"content":{"rendered":"<div class=\"wpb-content-wrapper\"><p>[vc_row css=&#8221;.vc_custom_1536035702055{margin-top: 40px !important;}&#8221;][vc_column width=&#8221;1\/2&#8243;][vc_column_text]The Samuel-de-Champlain Residence is located in St-Jean-sur-Richelieu, in the Mont\u00e9r\u00e9gie area of Qu\u00e9bec, more specifically in the Iberville borough. This 2007 construction holds 153 units for independent and assisted-living people. It offers all amenities to make your stay with us as enjoyable as possible. We offer three types of units ranging from 441 to 1084 square feet. This home holds all the certifications needed to operate and is ruled by the certification for private residences for the elderly. Come and see us, we will be pleased to meet you and let you visit your future home.[\/vc_column_text][\/vc_column][vc_column width=&#8221;1\/2&#8243; css=&#8221;.vc_custom_1536031805195{border-left-width: 2px !important;padding-left: 20px !important;border-left-color: #ab8b56 !important;border-left-style: solid !important;}&#8221;][vc_column_text css=&#8221;&#8221;]<\/p>\n<ul style=\"list-style: none;\">\n<li><strong>Address :\u00a0<\/strong>874, rue Samuel-de-Champlain, Saint-Jean-sur-Richelieu (Iberville), Qu\u00e9bec, J2X 3W9<\/li>\n<li><strong>Phone :<\/strong> (450) 358-2961<\/li>\n<li><strong>Email:<\/strong>\u00a0<a href=\"mailto:vmeszaros@residencesfleurdelys.com\">vmeszaros@residencesfleurdelys.com<\/a><\/li>\n<li>Managed by Viviane Meszaros | <a href=\"http:\/\/residencesfleurdelys.com\/en\/jobs-careers\/\">Job opportunities<\/a><\/li>\n<li><a class=\"button  button_size_1\" href=\"https:\/\/residencesfleurdelys.com\/en\/contact-us\/\"     style=\"color:#fff;\"     title=\"\"><span class=\"button_label\">Rental demand<\/span><\/a>\n<\/li>\n<\/ul>\n<p>[\/vc_column_text][\/vc_column][\/vc_row][vc_row][vc_column][rev_slider_vc alias=&#8221;samuelchamplain-stjean-main&#8221;][\/vc_column][\/vc_row][vc_row][vc_column]<div class=\"fancy_heading fancy_heading_icon\"><div class=\"fh-top\"><span class=\"icon_top\"><i class=\"icon-pinboard\" aria-hidden=\"true\"><\/i><\/span><\/div><h2 class=\"title\">Services and characteristics<\/h2><div class=\"inside\">R\u00e9sidence Samuel-de-Champlain | Saint-Jean-sur-Richelieu (Iberville), Qc<\/div><\/div>\n[\/vc_column][\/vc_row][vc_row][vc_column][vc_tta_accordion style=&#8221;modern&#8221; color=&#8221;white&#8221; active_section=&#8221;1&#8243; collapsible_all=&#8221;true&#8221; css=&#8221;.vc_custom_1552245615425{border-top-width: 1px !important;border-right-width: 1px !important;border-bottom-width: 1px !important;border-left-width: 1px !important;border-left-color: #cccccc !important;border-left-style: solid !important;border-right-color: #cccccc !important;border-right-style: solid !important;border-top-color: #cccccc !important;border-top-style: solid !important;border-bottom-color: #cccccc !important;border-bottom-style: solid !important;}&#8221;][vc_tta_section title=&#8221;Services provided in home&#8221; tab_id=&#8221;soc7aa-a748&#8243;][vc_column_text]<\/p>\n<ul class=\"list_check\">\n<li>24\/7 human and electronic monitoring (comfort button)<\/li>\n<li>At unit services ($)<\/li>\n<li>Basic cable service<\/li>\n<li>Concierge service<\/li>\n<li>Emergency call service<\/li>\n<li>Hand car wash<\/li>\n<li>Household maintenance<\/li>\n<li>Internet access in community room<\/li>\n<li>Laundry service ($)<\/li>\n<li>Pastoral services<\/li>\n<li>Permanent security services 24\/7<\/li>\n<li>Religious services<\/li>\n<li>Shuttle service (shopping, groceries, etc., fees may apply)<\/li>\n<\/ul>\n<p>[\/vc_column_text][\/vc_tta_section][vc_tta_section title=&#8221;Leisure activities&#8221; tab_id=&#8221;loc7aa-a748&#8243;][vc_column_text]<\/p>\n<ul class=\"list_check\">\n<li>Bingo<\/li>\n<li>Board games<\/li>\n<li>Choir<\/li>\n<li>Community garden<\/li>\n<li>Community room<\/li>\n<li>External activities and outings<\/li>\n<li>Fitness room<\/li>\n<li>Games area<\/li>\n<li>Gas fireplace<\/li>\n<li>Group classes (social dancing, etc.)<\/li>\n<li>Home theatre<\/li>\n<li>Library<\/li>\n<li>Multifunctional leisure room<\/li>\n<li>Outside bocce ball court<\/li>\n<li>Pool room<\/li>\n<li>Private dining room<\/li>\n<li>Shuffleboard<\/li>\n<li>Various activities (predetermined schedule)<\/li>\n<li>Virtual bowling<\/li>\n<\/ul>\n<p>[\/vc_column_text][\/vc_tta_section][vc_tta_section title=&#8221;Health services&#8221; tab_id=&#8221;ssc7aa-a748&#8243;][vc_column_text]<\/p>\n<ul class=\"list_check\">\n<li>Bath assistance<\/li>\n<li>Bedtime assistance<\/li>\n<li>Daily hygiene<\/li>\n<li>Dressing up assistance<\/li>\n<li>Healthcare office<\/li>\n<li>Help services for semi-assisted people<\/li>\n<li>Medication management<\/li>\n<li>Morning Assistance<\/li>\n<li>Nursing (\u00e0 la carte)<\/li>\n<li>Personal assistance<\/li>\n<li>Registered Nursing Assistants<\/li>\n<li>Security bracelet<\/li>\n<li>Transportation assistance<\/li>\n<\/ul>\n<p>[\/vc_column_text][\/vc_tta_section][vc_tta_section title=&#8221;Internal shops&#8221; tab_id=&#8221;cic7aa-a748&#8243;][vc_column_text]<\/p>\n<ul class=\"list_check\">\n<li>Roaming boutiques and shops inside the home<\/li>\n<li>Hairdressing salon<\/li>\n<\/ul>\n<p>[\/vc_column_text][\/vc_tta_section][vc_tta_section title=&#8221;At your service staff&#8221; tab_id=&#8221;psc7aa-a748&#8243;][vc_column_text]<\/p>\n<ul class=\"list_check\">\n<li>24\/7 surveillance<\/li>\n<li>Accommodation advisor<\/li>\n<li>Chef<\/li>\n<li>First-aid certified staff present 24\/7<\/li>\n<li>Housekeeping staff<\/li>\n<li>In house maintenance<\/li>\n<li>Manager<\/li>\n<li>Patient attendant 24\/7<\/li>\n<li>Receptionist<\/li>\n<li>Recreation therapist or technician<\/li>\n<li>Registered Nursing Assistant 7 days a week<\/li>\n<\/ul>\n<p>[\/vc_column_text][\/vc_tta_section][vc_tta_section title=&#8221;Building setup&#8221; tab_id=&#8221;amc7aa-a748&#8243;][vc_column_text]<\/p>\n<ul class=\"list_check\">\n<li>Air conditioning<\/li>\n<li>Backyard with recreational equipment<\/li>\n<li>Camera surveillance system<\/li>\n<li>Chapel<\/li>\n<li>Landscaped courtyard<\/li>\n<li>Elevators<\/li>\n<li>Emergency call system<\/li>\n<li>Emergency lighting<\/li>\n<li>Fire alarm system<\/li>\n<li>Garbage chute<\/li>\n<li>Generator<\/li>\n<li>Glassed living room<\/li>\n<li>Heat detectors<\/li>\n<li>Higher grade soundproofing<\/li>\n<li>Indoor parking ($)<\/li>\n<li>Intercom system<\/li>\n<li>Living room (fireplace, television, seats, etc.)<\/li>\n<li>Outdoor parking<\/li>\n<li>Outdoor rocking chairs<\/li>\n<li>Outside garden<\/li>\n<li>Powrder room<\/li>\n<li>Reception desk<\/li>\n<li>Reduced mobility accessibility<\/li>\n<li>Security system<\/li>\n<li>Smoke detectors<\/li>\n<li>Sprinklers<\/li>\n<li>Support bars in hallways<\/li>\n<li>Toilets<\/li>\n<li>Wheelchair accessibility<\/li>\n<\/ul>\n<p>[\/vc_column_text][\/vc_tta_section][vc_tta_section title=&#8221;Meals&#8221; tab_id=&#8221;rec7aa-a748&#8243;][vc_column_text]<\/p>\n<ul class=\"list_check\">\n<li>Two meals per day (lunch, dinner) ($)<\/li>\n<li>Breakfast on demand<\/li>\n<li>Meals or snacks served at the unit (on demand)<\/li>\n<li>Dining room for guest reception<\/li>\n<li>Dining room service<\/li>\n<li>Mashed food<\/li>\n<li>Respect of certain diets (to be discussed according to your needs) \/ pureed food available as needed<\/li>\n<li>Single meals or monthly plan<\/li>\n<\/ul>\n<p>[\/vc_column_text][\/vc_tta_section][\/vc_tta_accordion][\/vc_column][\/vc_row][vc_row full_width=&#8221;stretch_row&#8221; content_placement=&#8221;middle&#8221; parallax=&#8221;content-moving&#8221; css=&#8221;.vc_custom_1541648670148{padding-top: 20px !important;padding-bottom: 20px !important;background-color: #231f20 !important;}&#8221;][vc_column width=&#8221;2\/3&#8243;][vc_column_text]<\/p>\n<h2 class=\"themecolor\">Neighborhood<\/h2>\n<p style=\"color: #fff;\"><strong>Saint-Jean-sur-Richelieu<\/strong> is a town, located in the Haut-Richelieu RMC, in Mont\u00e9r\u00e9gie. It is well known for its International Baloon Festival, a very popular international tourist attraction. The Iberville Borough, developped around ancestral buildings, of which many still exist nowadays. Saint-Athanase Church, Christie Manor and Trinity Church are some examples. The home is walking distance from Parc Bellerive onshore to the Richelieu River. There are many other parks on the river in this area.<\/p>\n<p>[\/vc_column_text][\/vc_column][vc_column width=&#8221;1\/3&#8243;][vc_gallery type=&#8221;image_grid&#8221; images=&#8221;468,467,469,404&#8243;][\/vc_column][\/vc_row][vc_row][vc_column width=&#8221;1\/2&#8243;][vc_column_text]<\/p>\n<h2>Our apartments<\/h2>\n<h5>Unit specific services<\/h5>\n<ul class=\"list_check\">\n<li>Air conditioning (individual control)<\/li>\n<li>Basic cable service<\/li>\n<li>Bedding maintenance and care (\u00e0 la carte)\/li&gt;<\/li>\n<li>Clothes maintenance and care (\u00e0 la carte)<\/li>\n<li>Cooking appliances (possible to rent)<\/li>\n<li>Dishwasher connections<\/li>\n<li>Electricity, heating and water heater<\/li>\n<li>Emergency call system<\/li>\n<li>Extra storage room available ($)<\/li>\n<li>Grab bars in the bathroom<\/li>\n<li>Heat detectors<\/li>\n<li>Heating (individual control)<\/li>\n<li>Higher grade soundproofing<\/li>\n<li>Household cleaning (\u00e0 la carte)<\/li>\n<li>Indoor storage space within the unit<\/li>\n<li>Intercom system<\/li>\n<li>Kitchen (without cooking appliances)<\/li>\n<li>Meals (two meals per day)<\/li>\n<li>Phone connections<\/li>\n<li>Portable emergency call system (security bracelet)<\/li>\n<li>Private balcony<\/li>\n<li>Private washroom<\/li>\n<li>Religious services<\/li>\n<li>Security system<\/li>\n<li>Smoke detectors<\/li>\n<li>Sprinklers<\/li>\n<li>Stove and refrigerator connections<\/li>\n<li>Walk-in style wardrobe<\/li>\n<li>Wardrobe<\/li>\n<li>Washer and drier connections<\/li>\n<\/ul>\n<p>[\/vc_column_text][\/vc_column][vc_column width=&#8221;1\/2&#8243;][rev_slider_vc alias=&#8221;samuelchamplain-stjean-chambres&#8221;][vc_toggle title=&#8221;2 1\/2 room apartment \/ 441 sq. ft. (Studio)&#8221;]<\/p>\n<div id=\"yvapw-32Q0NypRC7\" autoplay=\"true\" style=\"width: 100%; height: 430px\"><\/div>\n<p><script> (function(id,rd,v){var w=window,d=document,t='script',src='https:\/\/www.klapty.com\/tour\/tunnel\/',v=v||'1.1.0',r='yvap'+v; w[r]=w[r]||{instance:null,l:[],s:null}; w[r].l.push(arguments); append=function(){ while(w[r].l.length) {w[r].instance.append(w[r].l.shift())}}; if(w[r].s===null){w[r].s=false; var a=d.createElement(t),m=d.getElementsByTagName(t)[0]; a.async=1; a.onload=function(f){ w[r].s=true;w[r].instance=new YVAppendPano(src);append()};a.src=src+'_app\/append-v'+v+'.js?_'+(new Date().getTime()); m.parentNode.insertBefore(a,m); var l=d.createElement('link'); l.rel='stylesheet'; l.type='text\/css'; l.href=src+'_app\/append-v'+v+'.css?_'+(new Date().getTime()); d.getElementsByTagName('HEAD')[0].appendChild(l); } else if(w[r].s===true){append()};})('32Q0NypRC7'); <\/script><br \/>\n<a href=\"https:\/\/tour.klapty.com\/32Q0NypRC7\/\" rel=\"noopener\" target=\"_blank\">Tour<\/a><\/p>\n<p><a href=\"https:\/\/residencesfleurdelys.com\/wp-content\/uploads\/2019\/11\/samueldechamplain-logement-s.jpg\"><img loading=\"lazy\" decoding=\"async\" class=\"alignnone size-large wp-image-668\" src=\"https:\/\/residencesfleurdelys.com\/wp-content\/uploads\/2019\/11\/samueldechamplain-logement-s-457x1024.jpg\" alt=\"\" width=\"457\" height=\"1024\" srcset=\"https:\/\/residencesfleurdelys.com\/wp-content\/uploads\/2019\/11\/samueldechamplain-logement-s-457x1024.jpg 457w, https:\/\/residencesfleurdelys.com\/wp-content\/uploads\/2019\/11\/samueldechamplain-logement-s-134x300.jpg 134w, https:\/\/residencesfleurdelys.com\/wp-content\/uploads\/2019\/11\/samueldechamplain-logement-s-65x146.jpg 65w, https:\/\/residencesfleurdelys.com\/wp-content\/uploads\/2019\/11\/samueldechamplain-logement-s-22x50.jpg 22w, https:\/\/residencesfleurdelys.com\/wp-content\/uploads\/2019\/11\/samueldechamplain-logement-s-33x75.jpg 33w, https:\/\/residencesfleurdelys.com\/wp-content\/uploads\/2019\/11\/samueldechamplain-logement-s.jpg 684w\" sizes=\"(max-width:767px) 457px, 457px\" \/><\/a>[\/vc_toggle][vc_toggle title=&#8221;3 1\/2 room apartment \/ 655 sq. ft.&#8221;]<\/p>\n<div id=\"yvapw-3YV0v9USAH\" autoplay=\"true\" style=\"width: 100%; height: 430px\"><\/div>\n<p><script> (function(id,rd,v){var w=window,d=document,t='script',src='https:\/\/www.klapty.com\/tour\/tunnel\/',v=v||'1.1.0',r='yvap'+v; w[r]=w[r]||{instance:null,l:[],s:null}; w[r].l.push(arguments); append=function(){ while(w[r].l.length) {w[r].instance.append(w[r].l.shift())}}; if(w[r].s===null){w[r].s=false; var a=d.createElement(t),m=d.getElementsByTagName(t)[0]; a.async=1; a.onload=function(f){ w[r].s=true;w[r].instance=new YVAppendPano(src);append()};a.src=src+'_app\/append-v'+v+'.js?_'+(new Date().getTime()); m.parentNode.insertBefore(a,m); var l=d.createElement('link'); l.rel='stylesheet'; l.type='text\/css'; l.href=src+'_app\/append-v'+v+'.css?_'+(new Date().getTime()); d.getElementsByTagName('HEAD')[0].appendChild(l); } else if(w[r].s===true){append()};})('3YV0v9USAH'); <\/script><br \/>\n<a href=\"https:\/\/tour.klapty.com\/3YV0v9USAH\/\" rel=\"noopener\" target=\"_blank\">Tour<\/a><\/p>\n<p><a href=\"https:\/\/residencesfleurdelys.com\/wp-content\/uploads\/2019\/11\/samueldechamplain-logement-h.jpg\"><img loading=\"lazy\" decoding=\"async\" class=\"alignnone size-large wp-image-666\" src=\"https:\/\/residencesfleurdelys.com\/wp-content\/uploads\/2019\/11\/samueldechamplain-logement-h-1024x640.jpg\" alt=\"\" width=\"1024\" height=\"640\" srcset=\"https:\/\/residencesfleurdelys.com\/wp-content\/uploads\/2019\/11\/samueldechamplain-logement-h-1024x640.jpg 1024w, https:\/\/residencesfleurdelys.com\/wp-content\/uploads\/2019\/11\/samueldechamplain-logement-h-300x187.jpg 300w, https:\/\/residencesfleurdelys.com\/wp-content\/uploads\/2019\/11\/samueldechamplain-logement-h-768x480.jpg 768w, https:\/\/residencesfleurdelys.com\/wp-content\/uploads\/2019\/11\/samueldechamplain-logement-h-234x146.jpg 234w, https:\/\/residencesfleurdelys.com\/wp-content\/uploads\/2019\/11\/samueldechamplain-logement-h-50x31.jpg 50w, https:\/\/residencesfleurdelys.com\/wp-content\/uploads\/2019\/11\/samueldechamplain-logement-h-120x75.jpg 120w, https:\/\/residencesfleurdelys.com\/wp-content\/uploads\/2019\/11\/samueldechamplain-logement-h.jpg 1642w\" sizes=\"(max-width:767px) 480px, (max-width:1024px) 100vw, 1024px\" \/><\/a>[\/vc_toggle][vc_toggle title=&#8221;3 1\/2 room apartment \/ special 784 sq. ft.&#8221;][\/vc_toggle][vc_toggle title=&#8221;4 1\/2 room apartment \/ 900 sq. ft.&#8221;]<\/p>\n<div id=\"yvapw-3YO01xKJmg\" autoplay=\"true\" style=\"width: 100%; height: 430px\"><\/div>\n<p><script> (function(id,rd,v){var w=window,d=document,t='script',src='https:\/\/www.klapty.com\/tour\/tunnel\/',v=v||'1.1.0',r='yvap'+v; w[r]=w[r]||{instance:null,l:[],s:null}; w[r].l.push(arguments); append=function(){ while(w[r].l.length) {w[r].instance.append(w[r].l.shift())}}; if(w[r].s===null){w[r].s=false; var a=d.createElement(t),m=d.getElementsByTagName(t)[0]; a.async=1; a.onload=function(f){ w[r].s=true;w[r].instance=new YVAppendPano(src);append()};a.src=src+'_app\/append-v'+v+'.js?_'+(new Date().getTime()); m.parentNode.insertBefore(a,m); var l=d.createElement('link'); l.rel='stylesheet'; l.type='text\/css'; l.href=src+'_app\/append-v'+v+'.css?_'+(new Date().getTime()); d.getElementsByTagName('HEAD')[0].appendChild(l); } else if(w[r].s===true){append()};})('3YO01xKJmg'); <\/script><br \/>\n<a href=\"https:\/\/tour.klapty.com\/3YO01xKJmg\/\" rel=\"noopener\" target=\"_blank\">Tour<\/a><\/p>\n<p><a href=\"https:\/\/residencesfleurdelys.com\/wp-content\/uploads\/2019\/11\/samueldechamplain-logement-a.jpg\"><img loading=\"lazy\" decoding=\"async\" class=\"alignnone size-large wp-image-664\" src=\"https:\/\/residencesfleurdelys.com\/wp-content\/uploads\/2019\/11\/samueldechamplain-logement-a-1024x997.jpg\" alt=\"\" width=\"1024\" height=\"997\" srcset=\"https:\/\/residencesfleurdelys.com\/wp-content\/uploads\/2019\/11\/samueldechamplain-logement-a-1024x997.jpg 1024w, https:\/\/residencesfleurdelys.com\/wp-content\/uploads\/2019\/11\/samueldechamplain-logement-a-300x292.jpg 300w, https:\/\/residencesfleurdelys.com\/wp-content\/uploads\/2019\/11\/samueldechamplain-logement-a-768x748.jpg 768w, https:\/\/residencesfleurdelys.com\/wp-content\/uploads\/2019\/11\/samueldechamplain-logement-a-150x146.jpg 150w, https:\/\/residencesfleurdelys.com\/wp-content\/uploads\/2019\/11\/samueldechamplain-logement-a-50x50.jpg 50w, https:\/\/residencesfleurdelys.com\/wp-content\/uploads\/2019\/11\/samueldechamplain-logement-a-77x75.jpg 77w, https:\/\/residencesfleurdelys.com\/wp-content\/uploads\/2019\/11\/samueldechamplain-logement-a.jpg 1575w\" sizes=\"(max-width:767px) 480px, (max-width:1024px) 100vw, 1024px\" \/><\/a>[\/vc_toggle][vc_toggle title=&#8221;4 1\/2 room apartment \/ special 1084 sq. ft.&#8221;][\/vc_toggle][\/vc_column][\/vc_row][vc_row][vc_column][vc_gmaps link=&#8221;#E-8_JTNDaWZyYW1lJTIwc3JjJTNEJTIyaHR0cHMlM0ElMkYlMkZ3d3cuZ29vZ2xlLmNvbSUyRm1hcHMlMkZlbWJlZCUzRnBiJTNEJTIxMW0xNCUyMTFtOCUyMTFtMyUyMTFkMTEyMjUuMzA2Mzk5NzIwNjk3JTIxMmQtNzMuMjMyMDQ1JTIxM2Q0NS4zMDE4Mjc4JTIxM20yJTIxMWkxMDI0JTIxMmk3NjglMjE0ZjEzLjElMjEzbTMlMjExbTIlMjExczB4MCUyNTNBMHhlMjA5MjU4NTM0OWM0Njg3JTIxMnNSJTI1QzMlMjVBOXNpZGVuY2UlMkJTYW11ZWwlMkJkZSUyQkNoYW1wbGFpbiUyMTVlMCUyMTNtMiUyMTFzZnIlMjEyc2NhJTIxNHYxNTQ4MDM2NTE0MDYxJTIyJTIwd2lkdGglM0QlMjI2MDAlMjIlMjBoZWlnaHQlM0QlMjI0NTAlMjIlMjBmcmFtZWJvcmRlciUzRCUyMjAlMjIlMjBzdHlsZSUzRCUyMmJvcmRlciUzQTAlMjIlMjBhbGxvd2Z1bGxzY3JlZW4lM0UlM0MlMkZpZnJhbWUlM0U=&#8221;][\/vc_column][\/vc_row]<\/p>\n<\/div>","protected":false},"excerpt":{"rendered":"<p>[vc_row css=&#8221;.vc_custom_1536035702055{margin-top: 40px !important;}&#8221;][vc_column width=&#8221;1\/2&#8243;][vc_column_text]The Samuel-de-Champlain Residence is located in St-Jean-sur-Richelieu, in the Mont\u00e9r\u00e9gie area of Qu\u00e9bec, more specifically in the Iberville borough. This 2007 construction<span class=\"excerpt-hellip\"> [\u2026]<\/span><\/p>\n","protected":false},"author":2,"featured_media":0,"parent":529,"menu_order":0,"comment_status":"closed","ping_status":"closed","template":"","meta":{"footnotes":""},"class_list":["post-571","page","type-page","status-publish","hentry"],"_links":{"self":[{"href":"https:\/\/residencesfleurdelys.com\/en\/wp-json\/wp\/v2\/pages\/571"}],"collection":[{"href":"https:\/\/residencesfleurdelys.com\/en\/wp-json\/wp\/v2\/pages"}],"about":[{"href":"https:\/\/residencesfleurdelys.com\/en\/wp-json\/wp\/v2\/types\/page"}],"author":[{"embeddable":true,"href":"https:\/\/residencesfleurdelys.com\/en\/wp-json\/wp\/v2\/users\/2"}],"replies":[{"embeddable":true,"href":"https:\/\/residencesfleurdelys.com\/en\/wp-json\/wp\/v2\/comments?post=571"}],"version-history":[{"count":1,"href":"https:\/\/residencesfleurdelys.com\/en\/wp-json\/wp\/v2\/pages\/571\/revisions"}],"predecessor-version":[{"id":769,"href":"https:\/\/residencesfleurdelys.com\/en\/wp-json\/wp\/v2\/pages\/571\/revisions\/769"}],"up":[{"embeddable":true,"href":"https:\/\/residencesfleurdelys.com\/en\/wp-json\/wp\/v2\/pages\/529"}],"wp:attachment":[{"href":"https:\/\/residencesfleurdelys.com\/en\/wp-json\/wp\/v2\/media?parent=571"}],"curies":[{"name":"wp","href":"https:\/\/api.w.org\/{rel}","templated":true}]}}