{"id":551,"date":"2019-10-01T15:45:48","date_gmt":"2019-10-01T15:45:48","guid":{"rendered":"http:\/\/residencesfleurdelys.com\/?page_id=551"},"modified":"2024-09-17T20:43:28","modified_gmt":"2024-09-18T00:43:28","slug":"saintlouis","status":"publish","type":"page","link":"https:\/\/residencesfleurdelys.com\/en\/residences\/saintlouis\/","title":{"rendered":"Saint-Louis Residence"},"content":{"rendered":"<div class=\"wpb-content-wrapper\"><p>[vc_row css=&#8221;.vc_custom_1536035702055{margin-top: 40px !important;}&#8221;][vc_column width=&#8221;1\/2&#8243;][vc_column_text]The Saint-Louis Residence is located in the heart of downtown Sainte-Julie, in the Mont\u00e9r\u00e9gie area in Qu\u00e9bec. It is conveniently located close to all amenities. The three-story building is located next to the Jules-Choquet Municipal Park which creates a better living atmosphere and community feeling. This 118-unit retirement home for independent and assisted-living people offers service to cater your personal needs. We offer three types of units (studios, 3 1\/2 and 4 1\/2) that range from 400 to 900 square feet. This home holds all the certifications needed to operate and is ruled by the certification for private residences for the elderly. Come and see us, we will be pleased to meet you and let you visit your future home.[\/vc_column_text][\/vc_column][vc_column width=&#8221;1\/2&#8243; css=&#8221;.vc_custom_1536031805195{border-left-width: 2px !important;padding-left: 20px !important;border-left-color: #ab8b56 !important;border-left-style: solid !important;}&#8221;][vc_column_text css=&#8221;&#8221;]<\/p>\n<ul style=\"list-style: none;\">\n<li><strong>Address :\u00a0<\/strong>1570 rue Saint-Louis, Sainte-Julie, Qc, J3E 1W9<\/li>\n<li><strong>Phone :<\/strong> (450) 649-6845<\/li>\n<li><strong>Email :<\/strong>\u00a0<a href=\"mailto:macharbonneau@residencesfleurdelys.com\">macharbonneau@residencesfleurdelys.com<\/a><\/li>\n<li>Managed by Marie-Andr\u00e9e Charbonneau | <a href=\"http:\/\/residencesfleurdelys.com\/en\/jobs-careers\/\">Job opportunities<\/a><\/li>\n<li><a class=\"button  button_size_1\" href=\"https:\/\/residencesfleurdelys.com\/en\/contact-us\/\"     style=\"color:#fff;\"     title=\"\"><span class=\"button_label\">Rental demand<\/span><\/a>\n<\/li>\n<\/ul>\n<p>[\/vc_column_text][\/vc_column][\/vc_row][vc_row][vc_column][rev_slider_vc alias=&#8221;stlouis&#8221;][\/vc_column][\/vc_row][vc_row][vc_column]<div class=\"fancy_heading fancy_heading_icon\"><div class=\"fh-top\"><span class=\"icon_top\"><i class=\"icon-pinboard\" aria-hidden=\"true\"><\/i><\/span><\/div><h2 class=\"title\">Services and characteristics<\/h2><div class=\"inside\">R\u00e9sidence Saint-Louis | Sainte-Julie, Qc<\/div><\/div>\n[\/vc_column][\/vc_row][vc_row][vc_column][vc_tta_accordion style=&#8221;modern&#8221; color=&#8221;white&#8221; active_section=&#8221;1&#8243; collapsible_all=&#8221;true&#8221; css=&#8221;.vc_custom_1552245615425{border-top-width: 1px !important;border-right-width: 1px !important;border-bottom-width: 1px !important;border-left-width: 1px !important;border-left-color: #cccccc !important;border-left-style: solid !important;border-right-color: #cccccc !important;border-right-style: solid !important;border-top-color: #cccccc !important;border-top-style: solid !important;border-bottom-color: #cccccc !important;border-bottom-style: solid !important;}&#8221;][vc_tta_section title=&#8221;Services provided in home&#8221; tab_id=&#8221;so&#8221;][vc_column_text]<\/p>\n<ul class=\"list_check\">\n<li>24\/7 human and electronic monitoring (comfort button)<\/li>\n<li>Basic cable service<\/li>\n<li>Caisse Desjardins service<\/li>\n<li>Congierge service<\/li>\n<li>Emergency call service<\/li>\n<li>Hand car wash<\/li>\n<li>Household maintenance<\/li>\n<li>Internet access in community room<\/li>\n<li>Laundry service<\/li>\n<li>Permanent security services 24\/7<\/li>\n<li>Religious services<\/li>\n<li>Shuttle service (shopping, groceries, etc.)<\/li>\n<\/ul>\n<p>[\/vc_column_text][\/vc_tta_section][vc_tta_section title=&#8221;Leisure activities&#8221; tab_id=&#8221;lo&#8221;][vc_column_text]<\/p>\n<ul class=\"list_check\">\n<li>Adapted activity program<\/li>\n<li>Bingo<\/li>\n<li>Board games<\/li>\n<li>Bridge<\/li>\n<li>Cards room<\/li>\n<li>Choir<\/li>\n<li>Community room<\/li>\n<li>External activities and outings<\/li>\n<li>Fitness room<\/li>\n<li>Games area<\/li>\n<li>Gas fireplace<\/li>\n<li>Group classes (social dancing, etc.)<\/li>\n<li>Home theater<\/li>\n<li>Library<\/li>\n<li>Mild exercise and relaxation<\/li>\n<li>Multifunctional leisure room<\/li>\n<li>Outside bocce ball court<\/li>\n<li>Piano<\/li>\n<li>Pool room<\/li>\n<li>Shuffelboard<\/li>\n<li>Social events (anniversaries, musical afternoons, movies, bingo, etc.)<\/li>\n<li>Various activities (predetermined schedule)<\/li>\n<li>Virtual bowling<\/li>\n<li>Walking club<\/li>\n<li>Walking trails<\/li>\n<\/ul>\n<p>[\/vc_column_text][\/vc_tta_section][vc_tta_section title=&#8221;Health services&#8221; tab_id=&#8221;ss&#8221;][vc_column_text]<\/p>\n<ul class=\"list_check\">\n<li>Dressing up assistance<\/li>\n<li>Bath assistance<\/li>\n<li>Bedtime assistance<\/li>\n<li>Transportation assistance<\/li>\n<li>Morning Assistance<\/li>\n<li>Security bracelet<\/li>\n<li>Personal assistance<\/li>\n<li>Healthcare office<\/li>\n<li>Medication management<\/li>\n<li>Daily hygiene<\/li>\n<li>CLSC service point (Straight from inside the home)<\/li>\n<li>Help services for semi-assisted people<\/li>\n<li>Nursing (\u00e0 la carte)<\/li>\n<li>Foot care ($)<\/li>\n<li>Registered Nursing Assistants<\/li>\n<li>Doctor visit<\/li>\n<\/ul>\n<p>[\/vc_column_text][\/vc_tta_section][vc_tta_section title=&#8221;Internal shops&#8221; tab_id=&#8221;ci&#8221;][vc_column_text]<\/p>\n<ul class=\"list_check\">\n<li>Caisse Desjardins<\/li>\n<li>Dining room<\/li>\n<li>Hairdressing salon<\/li>\n<li>Roaming boutiques and shops inside the home<\/li>\n<\/ul>\n<p>[\/vc_column_text][\/vc_tta_section][vc_tta_section title=&#8221;At your service staff&#8221; tab_id=&#8221;ps&#8221;][vc_column_text]<\/p>\n<ul class=\"list_check\">\n<li>24\/7 surveillance<\/li>\n<li>Accommodation advisor<\/li>\n<li>Chef<\/li>\n<li>Doctor (on appointment)<\/li>\n<li>First-aid certified staff present 24\/7<\/li>\n<li>Housekeeping staff<\/li>\n<li>In house maintenance<\/li>\n<li>Manager<\/li>\n<li>Patient attendant 24\/7<\/li>\n<li>Receptionist<\/li>\n<li>Recreation therapist or technician<\/li>\n<li>Registered Nursing Assistant 7 days a week<\/li>\n<\/ul>\n<p>[\/vc_column_text][\/vc_tta_section][vc_tta_section title=&#8221;Building setup&#8221; tab_id=&#8221;am&#8221;][vc_column_text]<\/p>\n<ul class=\"list_check\">\n<li>Air conditioning<\/li>\n<li>Backyard with recreational equipment<\/li>\n<li>Camera surveillance system<\/li>\n<li>Elevators<\/li>\n<li>Emergency call system<\/li>\n<li>Emergency lighting<\/li>\n<li>Fire alarm system<\/li>\n<li>Garbage chute<\/li>\n<li>Gas fireplace<\/li>\n<li>Generator<\/li>\n<li>Glassed living room<\/li>\n<li>Heat detectors<\/li>\n<li>Higher grade soundproofing<\/li>\n<li>Indoor parking ($)<\/li>\n<li>Laundry room ($)<\/li>\n<li>Living room (fireplace, television, seats, etc.)<\/li>\n<li>Outdoor parking<\/li>\n<li>Outdoor rocking chairs<\/li>\n<li>Outside garden with flower arrangements<\/li>\n<li>Reception desk<\/li>\n<li>Reduced mobility accessibility<\/li>\n<li>Smoke detectors<\/li>\n<li>Sprinklers<\/li>\n<li>Sun room<\/li>\n<li>Support bars in hallways<\/li>\n<li>Toilets<\/li>\n<li>Wheelchair accessibility<\/li>\n<\/ul>\n<p>[\/vc_column_text][\/vc_tta_section][vc_tta_section title=&#8221;Meals&#8221; tab_id=&#8221;re&#8221;][vc_column_text]<\/p>\n<ul class=\"list_check\">\n<li>Choice between 2 menus for lunch and dinner (daily or \u00e0 la carte)<\/li>\n<li>Meals or snacks served at the unit (on demand)<\/li>\n<li>Dining room for guest reception<\/li>\n<li>Dining room service<\/li>\n<li>Mashed food<\/li>\n<li>Respect for special diets<\/li>\n<li>Single meals or monthly plan<\/li>\n<li>Snacks<\/li>\n<\/ul>\n<p>[\/vc_column_text][\/vc_tta_section][\/vc_tta_accordion][\/vc_column][\/vc_row][vc_row full_width=&#8221;stretch_row&#8221; content_placement=&#8221;middle&#8221; parallax=&#8221;content-moving&#8221; css=&#8221;.vc_custom_1541648670148{padding-top: 20px !important;padding-bottom: 20px !important;background-color: #231f20 !important;}&#8221;][vc_column width=&#8221;2\/3&#8243;][vc_column_text]<\/p>\n<h2 class=\"themecolor\">Neighborhood<\/h2>\n<p style=\"color: #fff;\"><strong>Sainte-Julie<\/strong> a town with a population close to 30,000 people, located in the Marguerite-D&#8217;Youville RCM in Mont\u00e9r\u00e9gie, 15 km South of Montr\u00e9al. Its location, with easy access to the 20 and 30 highway, makes it a great place to be for easy access to and from urban centers. Its child-friendly and senior-friendly accreditations make it a warm and family oriented borough. The many activities and cultural events that take place year-long make it a hearty and lively town to live in.<\/p>\n<p>[\/vc_column_text][\/vc_column][vc_column width=&#8221;1\/3&#8243;][vc_gallery type=&#8221;image_grid&#8221; images=&#8221;463,464&#8243;][\/vc_column][\/vc_row][vc_row][vc_column width=&#8221;1\/2&#8243;][vc_column_text]<\/p>\n<h2>Our apartments<\/h2>\n<h5>Unit specific services<\/h5>\n<ul class=\"list_check\">\n<li>Air conditioning (individual control)<\/li>\n<li>Basic cable service<\/li>\n<li>Bedding maintenance and care (\u00e0 la carte)<\/li>\n<li>Bigger windows<\/li>\n<li>Care and assistance personalized programs<\/li>\n<li>Choice between 2 menus for lunch and dinner (daily or \u00e0 la carte)<\/li>\n<li>Clothes maintenance and care (\u00e0 la carte)<\/li>\n<li>Dishwasher connections<\/li>\n<li>Electricity, heating and water heater<\/li>\n<li>Emergency call system<\/li>\n<li>Generous fenestration<\/li>\n<li>Grab bars in the bathroom<\/li>\n<li>Heat detectors<\/li>\n<li>Heating (individual control)<\/li>\n<li>Higher grade soundproofing<\/li>\n<li>Household cleaning (\u00e0 la carte)<\/li>\n<li>Included snack<\/li>\n<li>Indoor storage space within the unit<\/li>\n<li>Kitchen (without cooking appliances)<\/li>\n<li>Meals (two meals per day)<\/li>\n<li>Pharmaceutical services<\/li>\n<li>Phone connections<\/li>\n<li>Portable emergency call system (security bracelet)<\/li>\n<li>Private balcony<\/li>\n<li>Private washroom<\/li>\n<li>Regular doctor visits<\/li>\n<li>Religious services<\/li>\n<li>Security system<\/li>\n<li>Smoke detectors<\/li>\n<li>Sprinklers<\/li>\n<li>Stove and refrigerator connections<\/li>\n<li>Walk-in style wardrobe<\/li>\n<li>Wardrobe<\/li>\n<li>Washer and drier connections<\/li>\n<\/ul>\n<p>[\/vc_column_text][\/vc_column][vc_column width=&#8221;1\/2&#8243;][rev_slider_vc alias=&#8221;stlouis-stejulie-chambres&#8221;][vc_toggle title=&#8221;2 1\/2 room apartment \/ 400 sq. ft.&#8221;]<a href=\"https:\/\/residencesfleurdelys.com\/wp-content\/uploads\/2019\/11\/stlouis-logement-i.jpg\"><img loading=\"lazy\" decoding=\"async\" class=\"alignnone size-large wp-image-661\" src=\"https:\/\/residencesfleurdelys.com\/wp-content\/uploads\/2019\/11\/stlouis-logement-i-491x1024.jpg\" alt=\"\" width=\"491\" height=\"1024\" srcset=\"https:\/\/residencesfleurdelys.com\/wp-content\/uploads\/2019\/11\/stlouis-logement-i-491x1024.jpg 491w, https:\/\/residencesfleurdelys.com\/wp-content\/uploads\/2019\/11\/stlouis-logement-i-144x300.jpg 144w, https:\/\/residencesfleurdelys.com\/wp-content\/uploads\/2019\/11\/stlouis-logement-i-70x146.jpg 70w, https:\/\/residencesfleurdelys.com\/wp-content\/uploads\/2019\/11\/stlouis-logement-i-24x50.jpg 24w, https:\/\/residencesfleurdelys.com\/wp-content\/uploads\/2019\/11\/stlouis-logement-i-36x75.jpg 36w, https:\/\/residencesfleurdelys.com\/wp-content\/uploads\/2019\/11\/stlouis-logement-i.jpg 688w\" sizes=\"(max-width:767px) 480px, 491px\" \/><\/a>[\/vc_toggle][vc_toggle title=&#8221;3 1\/2 room apartment \/ 600 sq. ft.&#8221;]<a href=\"https:\/\/residencesfleurdelys.com\/wp-content\/uploads\/2019\/11\/stlouis-logement-c.jpg\"><img loading=\"lazy\" decoding=\"async\" class=\"alignnone size-large wp-image-659\" src=\"https:\/\/residencesfleurdelys.com\/wp-content\/uploads\/2019\/11\/stlouis-logement-c-685x1024.jpg\" alt=\"\" width=\"685\" height=\"1024\" srcset=\"https:\/\/residencesfleurdelys.com\/wp-content\/uploads\/2019\/11\/stlouis-logement-c-685x1024.jpg 685w, https:\/\/residencesfleurdelys.com\/wp-content\/uploads\/2019\/11\/stlouis-logement-c-201x300.jpg 201w, https:\/\/residencesfleurdelys.com\/wp-content\/uploads\/2019\/11\/stlouis-logement-c-768x1148.jpg 768w, https:\/\/residencesfleurdelys.com\/wp-content\/uploads\/2019\/11\/stlouis-logement-c-98x146.jpg 98w, https:\/\/residencesfleurdelys.com\/wp-content\/uploads\/2019\/11\/stlouis-logement-c-33x50.jpg 33w, https:\/\/residencesfleurdelys.com\/wp-content\/uploads\/2019\/11\/stlouis-logement-c-50x75.jpg 50w, https:\/\/residencesfleurdelys.com\/wp-content\/uploads\/2019\/11\/stlouis-logement-c.jpg 975w\" sizes=\"(max-width:767px) 480px, 685px\" \/><\/a>[\/vc_toggle][vc_toggle title=&#8221;3 1\/2 room apartment \/ 660 sq. ft.&#8221;][\/vc_toggle][vc_toggle title=&#8221;4 1\/2 room apartment \/ 815 sq. ft.&#8221;]<a href=\"https:\/\/residencesfleurdelys.com\/wp-content\/uploads\/2019\/11\/stlouis-logement-a.jpg\"><img loading=\"lazy\" decoding=\"async\" class=\"alignnone size-large wp-image-657\" src=\"https:\/\/residencesfleurdelys.com\/wp-content\/uploads\/2019\/11\/stlouis-logement-a-828x1024.jpg\" alt=\"\" width=\"828\" height=\"1024\" srcset=\"https:\/\/residencesfleurdelys.com\/wp-content\/uploads\/2019\/11\/stlouis-logement-a-828x1024.jpg 828w, https:\/\/residencesfleurdelys.com\/wp-content\/uploads\/2019\/11\/stlouis-logement-a-243x300.jpg 243w, https:\/\/residencesfleurdelys.com\/wp-content\/uploads\/2019\/11\/stlouis-logement-a-768x949.jpg 768w, https:\/\/residencesfleurdelys.com\/wp-content\/uploads\/2019\/11\/stlouis-logement-a-118x146.jpg 118w, https:\/\/residencesfleurdelys.com\/wp-content\/uploads\/2019\/11\/stlouis-logement-a-40x50.jpg 40w, https:\/\/residencesfleurdelys.com\/wp-content\/uploads\/2019\/11\/stlouis-logement-a-61x75.jpg 61w, https:\/\/residencesfleurdelys.com\/wp-content\/uploads\/2019\/11\/stlouis-logement-a.jpg 1274w\" sizes=\"(max-width:767px) 480px, (max-width:828px) 100vw, 828px\" \/><\/a>[\/vc_toggle][vc_toggle title=&#8221;4 1\/2 room apartment \/ special 900 sq. ft.&#8221;][\/vc_toggle][\/vc_column][\/vc_row][vc_row][vc_column][vc_gmaps link=&#8221;#E-8_JTNDaWZyYW1lJTIwc3JjJTNEJTIyaHR0cHMlM0ElMkYlMkZ3d3cuZ29vZ2xlLmNvbSUyRm1hcHMlMkZlbWJlZCUzRnBiJTNEJTIxMW0xOCUyMTFtMTIlMjExbTMlMjExZDI3OTEuODE4ODY5ODQyMzgzMyUyMTJkLTczLjMzNzUyMzY0ODYzMjY0JTIxM2Q0NS41OTQxODU4MzI2Nzg1NzYlMjEybTMlMjExZjAlMjEyZjAlMjEzZjAlMjEzbTIlMjExaTEwMjQlMjEyaTc2OCUyMTRmMTMuMSUyMTNtMyUyMTFtMiUyMTFzMHg0Y2M5MDFmZjczZWM3YTAxJTI1M0EweDYzYjhhNGM0ZmQ1NzMxNWIlMjEyczE1NzAlMkJSdWUlMkJTYWludC1Mb3VpcyUyNTJDJTJCU2FpbnRlLUp1bGllJTI1MkMlMkJRQyUyQkozRSUyQjJSNiUyMTVlMCUyMTNtMiUyMTFzZnIlMjEyc2NhJTIxNHYxNTM2MDMzMzg3NDc2JTIyJTIwd2lkdGglM0QlMjI2MDAlMjIlMjBoZWlnaHQlM0QlMjI0NTAlMjIlMjBmcmFtZWJvcmRlciUzRCUyMjAlMjIlMjBzdHlsZSUzRCUyMmJvcmRlciUzQTAlMjIlMjBhbGxvd2Z1bGxzY3JlZW4lM0UlM0MlMkZpZnJhbWUlM0U=&#8221;][\/vc_column][\/vc_row]<\/p>\n<\/div>","protected":false},"excerpt":{"rendered":"<p>[vc_row css=&#8221;.vc_custom_1536035702055{margin-top: 40px !important;}&#8221;][vc_column width=&#8221;1\/2&#8243;][vc_column_text]The Saint-Louis Residence is located in the heart of downtown Sainte-Julie, in the Mont\u00e9r\u00e9gie area in Qu\u00e9bec. It is conveniently located close<span class=\"excerpt-hellip\"> [\u2026]<\/span><\/p>\n","protected":false},"author":2,"featured_media":0,"parent":529,"menu_order":0,"comment_status":"closed","ping_status":"closed","template":"","meta":{"footnotes":""},"class_list":["post-551","page","type-page","status-publish","hentry"],"_links":{"self":[{"href":"https:\/\/residencesfleurdelys.com\/en\/wp-json\/wp\/v2\/pages\/551"}],"collection":[{"href":"https:\/\/residencesfleurdelys.com\/en\/wp-json\/wp\/v2\/pages"}],"about":[{"href":"https:\/\/residencesfleurdelys.com\/en\/wp-json\/wp\/v2\/types\/page"}],"author":[{"embeddable":true,"href":"https:\/\/residencesfleurdelys.com\/en\/wp-json\/wp\/v2\/users\/2"}],"replies":[{"embeddable":true,"href":"https:\/\/residencesfleurdelys.com\/en\/wp-json\/wp\/v2\/comments?post=551"}],"version-history":[{"count":1,"href":"https:\/\/residencesfleurdelys.com\/en\/wp-json\/wp\/v2\/pages\/551\/revisions"}],"predecessor-version":[{"id":766,"href":"https:\/\/residencesfleurdelys.com\/en\/wp-json\/wp\/v2\/pages\/551\/revisions\/766"}],"up":[{"embeddable":true,"href":"https:\/\/residencesfleurdelys.com\/en\/wp-json\/wp\/v2\/pages\/529"}],"wp:attachment":[{"href":"https:\/\/residencesfleurdelys.com\/en\/wp-json\/wp\/v2\/media?parent=551"}],"curies":[{"name":"wp","href":"https:\/\/api.w.org\/{rel}","templated":true}]}}