{"id":519,"date":"2019-10-01T14:05:35","date_gmt":"2019-10-01T14:05:35","guid":{"rendered":"http:\/\/residencesfleurdelys.com\/?page_id=519"},"modified":"2019-10-01T14:05:35","modified_gmt":"2019-10-01T14:05:35","slug":"about-us","status":"publish","type":"page","link":"https:\/\/residencesfleurdelys.com\/en\/about-us\/","title":{"rendered":"About us"},"content":{"rendered":"<div class=\"wpb-content-wrapper\"><p>[vc_row][vc_column][vc_empty_space height=&#8221;16px&#8221;][\/vc_column][\/vc_row][vc_row][vc_column][vc_column_text]<\/p>\n<h2 style=\"font-weight: 400; text-align: center;\">Who are we?<\/h2>\n<h3 style=\"font-weight: 400; text-align: center;\">The Fleur de Lys Residences group has been catering to new retirees\u2019 expectations towards comfort, security and services for the last 15 years.<\/h3>\n<h3 style=\"font-weight: 400; text-align: center;\">Specialized in building, developing and managing third age nursing homes, our company already holds four nursing homes located in the Mont\u00e9r\u00e9gie area of Qu\u00e9bec.<\/h3>\n<p>[\/vc_column_text][\/vc_column][\/vc_row][vc_row][vc_column][vc_empty_space height=&#8221;16px&#8221;][\/vc_column][\/vc_row][vc_row][vc_column][vc_column_text]<\/p>\n<p style=\"text-align: center;\">We understand that choosing a retirement home is an important stage of life. Our home is our refuge. A place where we can feel safe and where it feels good to be.<\/p>\n<p style=\"text-align: center;\">Our mission is therefore to recreate this space, a place where you can keep thriving, discovering, having fun and meeting new people.<\/p>\n<p style=\"text-align: center;\">In short, a place to fully live, without restrictions.<\/p>\n<p style=\"text-align: center;\">Within our four homes, located in Mont\u00e9r\u00e9gie, we offer to you an affordable, secure living environment where we put you at the forefront.<\/p>\n<p style=\"text-align: center;\">Our goal if to offer a warm and cozy experience to support a high quality of life throughout your whole stay with us.<\/p>\n<p style=\"text-align: center;\">Our homes all offer services and facilities destined to independent and assisted-living people.<\/p>\n<p style=\"text-align: center;\">Nothing better than a visit to discover us and meet our caring and dedicated staff.<\/p>\n<p style=\"text-align: center;\">We will gladly make you visit our premises and apartments to later discuss with you how we can meet your present or future needs.<\/p>\n<p>[\/vc_column_text][\/vc_column][\/vc_row][vc_row][vc_column][vc_column_text]<\/p>\n<h2 style=\"font-weight: 400; text-align: center;\">Our values :<\/h2>\n<h1 style=\"text-align: center;\">Warmth<\/h1>\n<h1 style=\"text-align: center;\">Cosiness<\/h1>\n<h1 style=\"text-align: center;\">Safety<\/h1>\n<h1 style=\"text-align: center;\">Freedom<\/h1>\n<p>[\/vc_column_text][\/vc_column][\/vc_row]<\/p>\n<\/div>","protected":false},"excerpt":{"rendered":"<p>[vc_row][vc_column][vc_empty_space height=&#8221;16px&#8221;][\/vc_column][\/vc_row][vc_row][vc_column][vc_column_text] Who are we? The Fleur de Lys Residences group has been catering to new retirees\u2019 expectations towards comfort, security and services for the last<span class=\"excerpt-hellip\"> [\u2026]<\/span><\/p>\n","protected":false},"author":2,"featured_media":0,"parent":0,"menu_order":0,"comment_status":"closed","ping_status":"closed","template":"","meta":{"footnotes":""},"class_list":["post-519","page","type-page","status-publish","hentry"],"_links":{"self":[{"href":"https:\/\/residencesfleurdelys.com\/en\/wp-json\/wp\/v2\/pages\/519"}],"collection":[{"href":"https:\/\/residencesfleurdelys.com\/en\/wp-json\/wp\/v2\/pages"}],"about":[{"href":"https:\/\/residencesfleurdelys.com\/en\/wp-json\/wp\/v2\/types\/page"}],"author":[{"embeddable":true,"href":"https:\/\/residencesfleurdelys.com\/en\/wp-json\/wp\/v2\/users\/2"}],"replies":[{"embeddable":true,"href":"https:\/\/residencesfleurdelys.com\/en\/wp-json\/wp\/v2\/comments?post=519"}],"version-history":[{"count":0,"href":"https:\/\/residencesfleurdelys.com\/en\/wp-json\/wp\/v2\/pages\/519\/revisions"}],"wp:attachment":[{"href":"https:\/\/residencesfleurdelys.com\/en\/wp-json\/wp\/v2\/media?parent=519"}],"curies":[{"name":"wp","href":"https:\/\/api.w.org\/{rel}","templated":true}]}}